{"id":6397,"date":"2020-12-28T20:04:19","date_gmt":"2020-12-28T20:04:19","guid":{"rendered":"https:\/\/export-demos.qreativethemes.com\/physio\/?page_id=6397"},"modified":"2023-08-10T03:18:42","modified_gmt":"2023-08-10T01:18:42","slug":"kinesiotaping","status":"publish","type":"page","link":"https:\/\/marcinsowula.pl\/?page_id=6397","title":{"rendered":"Kinesiotaping"},"content":{"rendered":"<div id=\"pl-6397\"  class=\"panel-layout\" ><div id=\"pg-6397-0\"  class=\"panel-grid panel-no-style\" ><div id=\"pgc-6397-0-0\"  class=\"panel-grid-cell panel-grid-cell-empty\" ><\/div><\/div><div id=\"pg-6397-1\"  class=\"panel-grid panel-no-style\" ><div id=\"pgc-6397-1-0\"  class=\"panel-grid-cell\" ><div id=\"panel-6397-1-0-0\" class=\"so-panel widget widget_sow-editor panel-first-child panel-last-child\" data-index=\"0\" ><div\n\t\t\t\n\t\t\tclass=\"so-widget-sow-editor so-widget-sow-editor-base\"\n\t\t\t\n\t\t>\n<div class=\"siteorigin-widget-tinymce textwidget\">\n\t<p><img loading=\"lazy\" decoding=\"async\" class=\"alignnone wp-image-8154 size-full\" src=\"http:\/\/marcinsowula.pl\/wp-content\/uploads\/2022\/04\/single_service_kinesio.jpg\" alt=\"single_service_kinesio-01\" width=\"850\" height=\"567\" \/><img loading=\"lazy\" decoding=\"async\" class=\"alignnone wp-image-8155 size-full\" src=\"http:\/\/marcinsowula.pl\/wp-content\/uploads\/2022\/04\/single_service_kinesio-2.jpg\" alt=\"single_service_kinesio-02\" width=\"850\" height=\"567\" \/><\/p>\n<\/div>\n<\/div><\/div><\/div><div id=\"pgc-6397-1-1\"  class=\"panel-grid-cell\" ><div id=\"panel-6397-1-1-0\" class=\"so-panel widget widget_sow-editor panel-first-child panel-last-child\" data-index=\"1\" ><div\n\t\t\t\n\t\t\tclass=\"so-widget-sow-editor so-widget-sow-editor-base\"\n\t\t\t\n\t\t>\n<div class=\"siteorigin-widget-tinymce textwidget\">\n\t<p><span style=\"font-weight: 400;\">inesiotaping, czyli oklejanie wybranych cz\u0119\u015bci cia\u0142a specjalnymi plastrami, zwanymi popularnie \u201ctejpami\u201d, ma na celu wspomaganie procesu rehabilitacji, zmniejszenie b\u00f3lu, popraw\u0119 funkcji mi\u0119\u015bniowo-szkieletowej oraz wsparcie staw\u00f3w i tkanek mi\u0119kkich.<\/span><\/p>\n<p><span style=\"font-weight: 400;\">Ta\u015bma kinesiotaping jest wykonana z elastycznego materia\u0142u, kt\u00f3ry jest przepuszczalny dla powietrza i wodoodporny. Ma ona w\u0142a\u015bciwo\u015bci podobne do ludzkiej sk\u00f3ry, co umo\u017cliwia swobodne ruchy i nie ogranicza zakresu ruchu.<\/span><\/p>\n<p><span style=\"font-weight: 400;\">Jakie s\u0105 korzy\u015bci z kinesiotapingu?<\/span><\/p>\n<p><span style=\"font-weight: 400;\">Wsparcie staw\u00f3w:\u00a0<\/span><\/p>\n<ul>\n<li style=\"font-weight: 400;\" aria-level=\"1\"><span style=\"font-weight: 400;\">mog\u0105 by\u0107 stosowane w celu udzielenia dodatkowego wsparcia i stabilizacji staw\u00f3w. Poprzez odpowiednie aplikacje ta\u015bmy mo\u017cna kontrolowa\u0107 zakres ruchu w stawie, wspomaga\u0107 utrzymanie prawid\u0142owej postawy cia\u0142a i chroni\u0107 stawy przed nadmiernym obci\u0105\u017ceniem.<\/span><\/li>\n<\/ul>\n<p><span style=\"font-weight: 400;\">Redukcja b\u00f3lu:\u00a0<\/span><\/p>\n<ul>\n<li style=\"font-weight: 400;\" aria-level=\"1\"><span style=\"font-weight: 400;\">mog\u0105 dzia\u0142a\u0107 analgetycznie poprzez stymulacj\u0119 receptor\u00f3w sk\u00f3ry. Mechanizm ten wp\u0142ywa na obni\u017cenie odczuwanego b\u00f3lu, zar\u00f3wno w obszarach mi\u0119\u015bniowych, jak i stawowych.<\/span><\/li>\n<\/ul>\n<p><span style=\"font-weight: 400;\">Poprawa kr\u0105\u017cenia i redukcja obrz\u0119k\u00f3w:\u00a0<\/span><\/p>\n<ul>\n<li style=\"font-weight: 400;\" aria-level=\"1\"><span style=\"font-weight: 400;\">mog\u0105 wp\u0142ywa\u0107 na popraw\u0119 kr\u0105\u017cenia krwi i limfy w obszarze ich aplikacji, co przyczynia si\u0119 do zmniejszenia obrz\u0119k\u00f3w i przyspieszenia procesu gojenia tkanek.<\/span><\/li>\n<\/ul>\n<p><span style=\"font-weight: 400;\">Poprawa propriocepcji:\u00a0<\/span><\/p>\n<ul>\n<li style=\"font-weight: 400;\" aria-level=\"1\"><span style=\"font-weight: 400;\">mog\u0105 wp\u0142ywa\u0107 na zdolno\u015bci do postrzegania i kontrolowania po\u0142o\u017cenia cia\u0142a w przestrzeni. To z kolei mo\u017ce pom\u00f3c w poprawie r\u00f3wnowagi, koordynacji ruchowej i kontroli mi\u0119\u015bniowej.<\/span><\/li>\n<\/ul>\n<p><span style=\"font-weight: 400;\">Kinesiotaping jest technik\u0105 stosowan\u0105 zar\u00f3wno u sportowc\u00f3w, jak i u os\u00f3b cierpi\u0105cych na r\u00f3\u017cnego rodzaju schorzenia mi\u0119\u015bniowo-szkieletowe. Fizjoterapeuta dobierze odpowiedni wz\u00f3r aplikacji ta\u015bmy i dostosuje terapi\u0119 do indywidualnych potrzeb pacjenta.<\/span><\/p>\n<\/div>\n<\/div><\/div><\/div><\/div><\/div>","protected":false},"excerpt":{"rendered":"<p>Kinesiotaping, czyli oklejanie wybranych cz\u0119\u015bci cia\u0142a specjalnymi plastrami, ma na celu wspomaganie procesu rehabilitacji, zmniejszenie b\u00f3lu, popraw\u0119 funkcji mi\u0119\u015bniowo-szkieletowej oraz wsparcie staw\u00f3w i tkanek mi\u0119kkich.<\/p>\n","protected":false},"author":1,"featured_media":8106,"parent":110,"menu_order":0,"comment_status":"closed","ping_status":"closed","template":"","meta":{"footnotes":""},"class_list":["post-6397","page","type-page","status-publish","has-post-thumbnail","hentry"],"acf":[],"_links":{"self":[{"href":"https:\/\/marcinsowula.pl\/index.php?rest_route=\/wp\/v2\/pages\/6397","targetHints":{"allow":["GET"]}}],"collection":[{"href":"https:\/\/marcinsowula.pl\/index.php?rest_route=\/wp\/v2\/pages"}],"about":[{"href":"https:\/\/marcinsowula.pl\/index.php?rest_route=\/wp\/v2\/types\/page"}],"author":[{"embeddable":true,"href":"https:\/\/marcinsowula.pl\/index.php?rest_route=\/wp\/v2\/users\/1"}],"replies":[{"embeddable":true,"href":"https:\/\/marcinsowula.pl\/index.php?rest_route=%2Fwp%2Fv2%2Fcomments&post=6397"}],"version-history":[{"count":11,"href":"https:\/\/marcinsowula.pl\/index.php?rest_route=\/wp\/v2\/pages\/6397\/revisions"}],"predecessor-version":[{"id":8247,"href":"https:\/\/marcinsowula.pl\/index.php?rest_route=\/wp\/v2\/pages\/6397\/revisions\/8247"}],"up":[{"embeddable":true,"href":"https:\/\/marcinsowula.pl\/index.php?rest_route=\/wp\/v2\/pages\/110"}],"wp:featuredmedia":[{"embeddable":true,"href":"https:\/\/marcinsowula.pl\/index.php?rest_route=\/wp\/v2\/media\/8106"}],"wp:attachment":[{"href":"https:\/\/marcinsowula.pl\/index.php?rest_route=%2Fwp%2Fv2%2Fmedia&parent=6397"}],"curies":[{"name":"wp","href":"https:\/\/api.w.org\/{rel}","templated":true}]}}