{"id":307,"date":"2020-12-03T23:30:13","date_gmt":"2020-12-03T23:30:13","guid":{"rendered":"https:\/\/export-demos.qreativethemes.com\/physio\/?page_id=307"},"modified":"2023-08-10T03:07:00","modified_gmt":"2023-08-10T01:07:00","slug":"fizjoterapia","status":"publish","type":"page","link":"https:\/\/marcinsowula.pl\/?page_id=307","title":{"rendered":"Fizjoterapia"},"content":{"rendered":"<div id=\"pl-307\"  class=\"panel-layout\" ><div id=\"pg-307-0\"  class=\"panel-grid panel-no-style\" ><div id=\"pgc-307-0-0\"  class=\"panel-grid-cell\" ><div id=\"panel-307-0-0-0\" class=\"so-panel widget widget_sow-editor panel-first-child panel-last-child\" data-index=\"0\" ><div\n\t\t\t\n\t\t\tclass=\"so-widget-sow-editor so-widget-sow-editor-base\"\n\t\t\t\n\t\t>\n<div class=\"siteorigin-widget-tinymce textwidget\">\n\t<p><img loading=\"lazy\" decoding=\"async\" class=\"alignnone wp-image-8132 size-full\" src=\"http:\/\/marcinsowula.pl\/wp-content\/uploads\/2022\/04\/single_service_fizjoterapia.jpg\" alt=\"single_service_fizjoterapia-01\" width=\"850\" height=\"567\" \/><img loading=\"lazy\" decoding=\"async\" class=\"alignnone wp-image-8133 size-full\" src=\"http:\/\/marcinsowula.pl\/wp-content\/uploads\/2022\/04\/single_service_fizjoterapia_2.jpg\" alt=\"single_service_fizjoterapia-02\" width=\"850\" height=\"567\" \/><\/p>\n<\/div>\n<\/div><\/div><\/div><div id=\"pgc-307-0-1\"  class=\"panel-grid-cell\" ><div id=\"panel-307-0-1-0\" class=\"so-panel widget widget_sow-editor panel-first-child panel-last-child\" data-index=\"1\" ><div\n\t\t\t\n\t\t\tclass=\"so-widget-sow-editor so-widget-sow-editor-base\"\n\t\t\t\n\t\t>\n<div class=\"siteorigin-widget-tinymce textwidget\">\n\t<p><span style=\"font-weight: 400;\">Fizjoterapia jest dziedzin\u0105 medycyny, kt\u00f3rej celem jest przywr\u00f3cenie funkcji cia\u0142a, poprawa ruchomo\u015bci i si\u0142y mi\u0119\u015bniowej, zmniejszenie b\u00f3lu oraz powr\u00f3t pacjenta do pe\u0142nej sprawno\u015bci.<\/span><\/p>\n<p><span style=\"font-weight: 400;\">Fizjoterapia mo\u017ce by\u0107 stosowana w leczeniu wielu schorze\u0144 i uraz\u00f3w, zar\u00f3wno ostrej jak i przewlek\u0142ej natury. Cz\u0119sto jest wykorzystywana w rehabilitacji po operacjach ortopedycznych, urazach sportowych, pourazowych z\u0142amaniach ko\u015bci, chorobach neurologicznych (takich jak udar m\u00f3zgu czy stwardnienie rozsiane), a tak\u017ce w leczeniu dolegliwo\u015bci kr\u0119gos\u0142upa, b\u00f3l\u00f3w mi\u0119\u015bniowo-szkieletowych oraz innych schorze\u0144 uk\u0142adu ruchu.<\/span><\/p>\n<p><span style=\"font-weight: 400;\">Podczas fizjoterapii stosujemy r\u00f3\u017cne techniki i metody w zale\u017cno\u015bci od potrzeb pacjenta. Mog\u0105 to by\u0107 \u0107wiczenia wzmacniaj\u0105ce i rozci\u0105gaj\u0105ce, masa\u017ce, mobilizacje staw\u00f3w, elektroterapia, ultrad\u017awi\u0119ki, laseroterapia oraz wiele innych. Wa\u017cnym elementem fizjoterapii jest r\u00f3wnie\u017c edukacja pacjenta dotycz\u0105ca profilaktyki i samopomocy w celu utrzymania zdrowia i unikni\u0119cia nawrot\u00f3w dolegliwo\u015bci.<\/span><\/p>\n<p><span style=\"font-weight: 400;\">Przed rozpocz\u0119ciem terapii przeprowadzamy dok\u0142adny wywiad z pacjentem, dokonujemy oceny stanu zdrowia i diagnozy problem\u00f3w, by m\u00f3c ustali\u0107 odpowiedni plan leczenia i wdro\u017cy\u0107 odpowiedni\u0105 terapi\u0119.<\/span><\/p>\n<\/div>\n<\/div><\/div><\/div><\/div><\/div>","protected":false},"excerpt":{"rendered":"<p>Fizjoterapia jest dziedzin\u0105 medycyny, kt\u00f3rej celem jest przywr\u00f3cenie funkcji cia\u0142a, poprawa ruchomo\u015bci i si\u0142y mi\u0119\u015bniowej, zmniejszenie b\u00f3lu oraz powr\u00f3t pacjenta do pe\u0142nej sprawno\u015bci.<\/p>\n","protected":false},"author":1,"featured_media":8102,"parent":110,"menu_order":0,"comment_status":"closed","ping_status":"closed","template":"","meta":{"footnotes":""},"class_list":["post-307","page","type-page","status-publish","has-post-thumbnail","hentry"],"acf":[],"_links":{"self":[{"href":"https:\/\/marcinsowula.pl\/index.php?rest_route=\/wp\/v2\/pages\/307","targetHints":{"allow":["GET"]}}],"collection":[{"href":"https:\/\/marcinsowula.pl\/index.php?rest_route=\/wp\/v2\/pages"}],"about":[{"href":"https:\/\/marcinsowula.pl\/index.php?rest_route=\/wp\/v2\/types\/page"}],"author":[{"embeddable":true,"href":"https:\/\/marcinsowula.pl\/index.php?rest_route=\/wp\/v2\/users\/1"}],"replies":[{"embeddable":true,"href":"https:\/\/marcinsowula.pl\/index.php?rest_route=%2Fwp%2Fv2%2Fcomments&post=307"}],"version-history":[{"count":6,"href":"https:\/\/marcinsowula.pl\/index.php?rest_route=\/wp\/v2\/pages\/307\/revisions"}],"predecessor-version":[{"id":8238,"href":"https:\/\/marcinsowula.pl\/index.php?rest_route=\/wp\/v2\/pages\/307\/revisions\/8238"}],"up":[{"embeddable":true,"href":"https:\/\/marcinsowula.pl\/index.php?rest_route=\/wp\/v2\/pages\/110"}],"wp:featuredmedia":[{"embeddable":true,"href":"https:\/\/marcinsowula.pl\/index.php?rest_route=\/wp\/v2\/media\/8102"}],"wp:attachment":[{"href":"https:\/\/marcinsowula.pl\/index.php?rest_route=%2Fwp%2Fv2%2Fmedia&parent=307"}],"curies":[{"name":"wp","href":"https:\/\/api.w.org\/{rel}","templated":true}]}}