{"id":110,"date":"2020-11-27T17:59:19","date_gmt":"2020-11-27T17:59:19","guid":{"rendered":"https:\/\/export-demos.qreativethemes.com\/physio\/?page_id=110"},"modified":"2022-04-22T02:01:34","modified_gmt":"2022-04-22T00:01:34","slug":"services","status":"publish","type":"page","link":"https:\/\/marcinsowula.pl\/?page_id=110","title":{"rendered":"Oferta"},"content":{"rendered":"<div id=\"pl-110\"  class=\"panel-layout\" ><div id=\"pg-110-0\"  class=\"panel-grid panel-no-style\" ><div id=\"pgc-110-0-0\"  class=\"panel-grid-cell\" ><div id=\"panel-110-0-0-0\" class=\"so-panel widget widget_sow-editor panel-first-child panel-last-child\" data-index=\"0\" ><div\n\t\t\t\n\t\t\tclass=\"so-widget-sow-editor so-widget-sow-editor-base\"\n\t\t\t\n\t\t><h3 class=\"widget-title\">Us\u0142ugi \/ W czym pomagam?<\/h3>\n<div class=\"siteorigin-widget-tinymce textwidget\">\n\t<p><span style=\"font-weight: 400;\">Posiadam do\u015bwiadczenie w <\/span><b>rehabilitacji sportowej<\/b><span style=\"font-weight: 400;\">, zajmuj\u0119 si\u0119 zar\u00f3wno urazami, jak i motorycznym przygotowaniem do aktywno\u015bci sportowej z uwzgl\u0119dnieniem uprawianej dyscypliny.<\/span><br \/>\n<span style=\"font-weight: 400;\">Zajmuj\u0119 si\u0119 r\u00f3wnie\u017c <\/span><b>rehabilitacj\u0105 neurologiczn\u0105 i ortopedyczn\u0105<\/b><span style=\"font-weight: 400;\"> \u2013 zachowawcz\u0105, jak i pooperacyjn\u0105.<\/span><br \/>\n<span style=\"font-weight: 400;\">Pomagam <\/span><b>kobietom w ci\u0105\u017cy<\/b><span style=\"font-weight: 400;\"> cierpi\u0105cym na b\u00f3le kr\u0119gos\u0142upowe i stawowe.<\/span><br \/>\n<span style=\"font-weight: 400;\">W swojej pracy z pacjentami opieram si\u0119 na <\/span><b>rzetelnym wywiadzie<\/b><span style=\"font-weight: 400;\">, precyzyjnym <\/span><b>ustaleniu przyczyn dolegliwo\u015bci<\/b><span style=\"font-weight: 400;\"> oraz odpowiednio <\/span><b>dopasowanym programem leczenia<\/b><span style=\"font-weight: 400;\">. Terapi\u0119 kieruj\u0119 do os\u00f3b w ka\u017cdym wieku.<\/span><\/p>\n<p><span style=\"font-weight: 400;\">Oferuj\u0119 <\/span><b>pomoc<\/b><span style=\"font-weight: 400;\"> w <\/span><b>b\u00f3lach<\/b><span style=\"font-weight: 400;\"> zwi\u0105zanych z zaburzeniami funkcjonalnymi organizmu. Lecz\u0119 m.in.:<\/span><\/p>\n<ul>\n<li style=\"font-weight: 400;\" aria-level=\"1\"><span style=\"font-weight: 400;\">dolegliwo\u015bci i dysfunkcje staw\u00f3w kolanowych (m.in. po rekonstrukcji ACL), staw\u00f3w skokowych, ko\u015bci krzy\u017cowej, miednicy, obr\u0119czy barkowej.<\/span><\/li>\n<li style=\"font-weight: 400;\" aria-level=\"1\"><span style=\"font-weight: 400;\">b\u00f3le przeci\u0105\u017ceniowe: b\u00f3le kr\u0119gos\u0142upa i staw\u00f3w, zesp\u00f3\u0142 bolesnego barku, \u0142okie\u0107 tenisisty, \u0142okie\u0107 golfisty<\/span><\/li>\n<li style=\"font-weight: 400;\" aria-level=\"1\"><span style=\"font-weight: 400;\">zaburzenia dyskowe i stawowe, rwa kulszowa, rwa ramienna w stanach ostrych i przewlek\u0142ych<\/span><\/li>\n<li style=\"font-weight: 400;\" aria-level=\"1\"><span style=\"font-weight: 400;\">urazy zwi\u0105zane z wykonywanym zawodem<\/span><\/li>\n<li style=\"font-weight: 400;\" aria-level=\"1\"><span style=\"font-weight: 400;\">b\u00f3le tkanek mi\u0119kkich (mi\u0119\u015bnie, powi\u0119ziowe, wi\u0119zad\u0142a) spowodowane przewlek\u0142ym stresem i przeci\u0105\u017ceniami<\/span><\/li>\n<li style=\"font-weight: 400;\" aria-level=\"1\"><span style=\"font-weight: 400;\">b\u00f3le i zawroty g\u0142owy<\/span><\/li>\n<li style=\"font-weight: 400;\" aria-level=\"1\"><span style=\"font-weight: 400;\">b\u00f3le w obr\u0119bie klatki piersiowej<\/span><\/li>\n<li style=\"font-weight: 400;\" aria-level=\"1\"><span style=\"font-weight: 400;\">b\u00f3le staw\u00f3w mostkowo-\u017cebrowych<\/span><\/li>\n<li style=\"font-weight: 400;\" aria-level=\"1\"><span style=\"font-weight: 400;\">b\u00f3le staw\u00f3w skroniowo-\u017cuchwowych<\/span><\/li>\n<li style=\"font-weight: 400;\" aria-level=\"1\"><span style=\"font-weight: 400;\">powik\u0142ania po porodzie \u2013 blizny po cesarskim ci\u0119ciu, rozej\u015bcie si\u0119 kresy bia\u0142ej, nietrzymanie moczu i inne dolegliwo\u015bci.<\/span><\/li>\n<\/ul>\n<\/div>\n<\/div><\/div><\/div><\/div><div id=\"pg-110-1\"  class=\"panel-grid panel-no-style\" ><div id=\"pgc-110-1-0\"  class=\"panel-grid-cell\" ><div id=\"panel-110-1-0-0\" class=\"so-panel widget widget_qt_feature_page widget-featured-page panel-first-child panel-last-child\" data-index=\"1\" >\n\t\t\t<div class=\"featured-page\">\n\t\t\t\t\t\t\t\t\t<div class=\"featured-page--image\">\n\t\t\t\t\t\t<a href=\"https:\/\/marcinsowula.pl\/?page_id=307\">\n\t\t\t\t\t\t\t<img loading=\"lazy\" decoding=\"async\" width=\"360\" height=\"240\" src=\"https:\/\/marcinsowula.pl\/wp-content\/uploads\/2022\/04\/services_home_fizjoterapia.jpg\" class=\"attachment-physio-qt-featured-s size-physio-qt-featured-s\" alt=\"services_home_fizjoterapia\" srcset=\"\" sizes=\"auto, (min-width: 781px) 360px, calc(100vw - 30px)\" \/>\t\t\t\t\t\t\t<div class=\"featured-page--overlay\">\n\t\t\t\t\t\t\t\t\t\t\t\t\t\t\t\t\t<div class=\"overlay--center\">\n\t\t\t\t\t\t\t\t\t\t<span>Czytaj wi\u0119cej<\/span>\n\t\t\t\t\t\t\t\t\t<\/div>\n\t\t\t\t\t\t\t\t\t\t\t\t\t\t\t<\/div>\n\t\t\t\t\t\t<\/a>\n\t\t\t\t\t<\/div>\n\t\t\t\t\t\t\t\t<div class=\"featured-page--content\">\n\t\t\t\t\t<h4 class=\"featued-page--title\">\n\t\t\t\t\t\t<a href=\"https:\/\/marcinsowula.pl\/?page_id=307\">Fizjoterapia<\/a>\n\t\t\t\t\t<\/h4>\n\t\t\t\t\t\t\t\t\t\t\t<p>Fizjoterapia jest dziedzin\u0105 medycyny, kt\u00f3rej celem jest przywr\u00f3cenie funkcji cia\u0142a, poprawa ruchomo\u015bci i si\u0142y mi\u0119\u015bniowej, zmniejszenie b\u00f3lu oraz powr\u00f3t pacjenta do pe\u0142nej&hellip;<\/p>\n\t\t\t\t\t\t\t\t\t\t\t\t\t\t\t\t<a href=\"https:\/\/marcinsowula.pl\/?page_id=307\" class=\"text-link\">Czytaj wi\u0119cej<\/a>\n\t\t\t\t\t\t\t\t\t<\/div>\n\t\t\t<\/div>\n\n\t\t\t<\/div><\/div><div id=\"pgc-110-1-1\"  class=\"panel-grid-cell\" ><div id=\"panel-110-1-1-0\" class=\"so-panel widget widget_qt_feature_page widget-featured-page panel-first-child panel-last-child\" data-index=\"2\" >\n\t\t\t<div class=\"featured-page\">\n\t\t\t\t\t\t\t\t\t<div class=\"featured-page--image\">\n\t\t\t\t\t\t<a href=\"https:\/\/marcinsowula.pl\/?page_id=6266\">\n\t\t\t\t\t\t\t<img loading=\"lazy\" decoding=\"async\" width=\"360\" height=\"240\" src=\"https:\/\/marcinsowula.pl\/wp-content\/uploads\/2022\/04\/services_home_osteopatia.jpg\" class=\"attachment-physio-qt-featured-s size-physio-qt-featured-s\" alt=\"services_home_osteopatia\" srcset=\"\" sizes=\"auto, (min-width: 781px) 360px, calc(100vw - 30px)\" \/>\t\t\t\t\t\t\t<div class=\"featured-page--overlay\">\n\t\t\t\t\t\t\t\t\t\t\t\t\t\t\t\t\t<div class=\"overlay--center\">\n\t\t\t\t\t\t\t\t\t\t<span>Czytaj wi\u0119cej<\/span>\n\t\t\t\t\t\t\t\t\t<\/div>\n\t\t\t\t\t\t\t\t\t\t\t\t\t\t\t<\/div>\n\t\t\t\t\t\t<\/a>\n\t\t\t\t\t<\/div>\n\t\t\t\t\t\t\t\t<div class=\"featured-page--content\">\n\t\t\t\t\t<h4 class=\"featued-page--title\">\n\t\t\t\t\t\t<a href=\"https:\/\/marcinsowula.pl\/?page_id=6266\">Osteopatia (r\u00f3wnie\u017c pediatryczna)<\/a>\n\t\t\t\t\t<\/h4>\n\t\t\t\t\t\t\t\t\t\t\t<p>Osteopatia jest unikalnym i holistycznym podej\u015bciem do pacjenta, kt\u00f3re koncentruje si\u0119 na wzajemnych powi\u0105zaniach mi\u0119dzy struktur\u0105 a funkcj\u0105 ludzkiego cia\u0142a. Opiera si\u0119 na&hellip;<\/p>\n\t\t\t\t\t\t\t\t\t\t\t\t\t\t\t\t<a href=\"https:\/\/marcinsowula.pl\/?page_id=6266\" class=\"text-link\">Czytaj wi\u0119cej<\/a>\n\t\t\t\t\t\t\t\t\t<\/div>\n\t\t\t<\/div>\n\n\t\t\t<\/div><\/div><div id=\"pgc-110-1-2\"  class=\"panel-grid-cell\" ><div id=\"panel-110-1-2-0\" class=\"so-panel widget widget_qt_feature_page widget-featured-page panel-first-child panel-last-child\" data-index=\"3\" >\n\t\t\t<div class=\"featured-page\">\n\t\t\t\t\t\t\t\t\t<div class=\"featured-page--image\">\n\t\t\t\t\t\t<a href=\"https:\/\/marcinsowula.pl\/?page_id=6393\">\n\t\t\t\t\t\t\t<img loading=\"lazy\" decoding=\"async\" width=\"360\" height=\"240\" src=\"https:\/\/marcinsowula.pl\/wp-content\/uploads\/2022\/04\/services_home_rehabilitacja.jpg\" class=\"attachment-physio-qt-featured-s size-physio-qt-featured-s\" alt=\"services_home_rehabilitacja\" srcset=\"\" sizes=\"auto, (min-width: 781px) 360px, calc(100vw - 30px)\" \/>\t\t\t\t\t\t\t<div class=\"featured-page--overlay\">\n\t\t\t\t\t\t\t\t\t\t\t\t\t\t\t\t\t<div class=\"overlay--center\">\n\t\t\t\t\t\t\t\t\t\t<span>Czytaj wi\u0119cej<\/span>\n\t\t\t\t\t\t\t\t\t<\/div>\n\t\t\t\t\t\t\t\t\t\t\t\t\t\t\t<\/div>\n\t\t\t\t\t\t<\/a>\n\t\t\t\t\t<\/div>\n\t\t\t\t\t\t\t\t<div class=\"featured-page--content\">\n\t\t\t\t\t<h4 class=\"featued-page--title\">\n\t\t\t\t\t\t<a href=\"https:\/\/marcinsowula.pl\/?page_id=6393\">Trening medyczny<\/a>\n\t\t\t\t\t<\/h4>\n\t\t\t\t\t\t\t\t\t\t\t<p>Trening medyczny to w skr\u00f3cie po\u0142\u0105czenie fizjoterapii i treningu. Jego celem jest poprawa funkcji fizycznych, redukcji objaw\u00f3w b\u00f3lowych, przywr\u00f3cenie zdolno\u015bci ruchowych oraz&hellip;<\/p>\n\t\t\t\t\t\t\t\t\t\t\t\t\t\t\t\t<a href=\"https:\/\/marcinsowula.pl\/?page_id=6393\" class=\"text-link\">Czytaj wi\u0119cej<\/a>\n\t\t\t\t\t\t\t\t\t<\/div>\n\t\t\t<\/div>\n\n\t\t\t<\/div><\/div><\/div><div id=\"pg-110-2\"  class=\"panel-grid panel-no-style\" ><div id=\"pgc-110-2-0\"  class=\"panel-grid-cell\" ><div id=\"panel-110-2-0-0\" class=\"so-panel widget widget_qt_feature_page widget-featured-page panel-first-child panel-last-child\" data-index=\"4\" >\n\t\t\t<div class=\"featured-page\">\n\t\t\t\t\t\t\t\t\t<div class=\"featured-page--image\">\n\t\t\t\t\t\t<a href=\"https:\/\/marcinsowula.pl\/?page_id=6395\">\n\t\t\t\t\t\t\t<img loading=\"lazy\" decoding=\"async\" width=\"360\" height=\"240\" src=\"https:\/\/marcinsowula.pl\/wp-content\/uploads\/2022\/04\/services_home_fala-uderzeniowa.jpg\" class=\"attachment-physio-qt-featured-s size-physio-qt-featured-s\" alt=\"services_home_fala uderzeniowa\" srcset=\"\" sizes=\"auto, (min-width: 781px) 360px, calc(100vw - 30px)\" \/>\t\t\t\t\t\t\t<div class=\"featured-page--overlay\">\n\t\t\t\t\t\t\t\t\t\t\t\t\t\t\t\t\t<div class=\"overlay--center\">\n\t\t\t\t\t\t\t\t\t\t<span>Czytaj wi\u0119cej<\/span>\n\t\t\t\t\t\t\t\t\t<\/div>\n\t\t\t\t\t\t\t\t\t\t\t\t\t\t\t<\/div>\n\t\t\t\t\t\t<\/a>\n\t\t\t\t\t<\/div>\n\t\t\t\t\t\t\t\t<div class=\"featured-page--content\">\n\t\t\t\t\t<h4 class=\"featued-page--title\">\n\t\t\t\t\t\t<a href=\"https:\/\/marcinsowula.pl\/?page_id=6395\">Fala uderzeniowa<\/a>\n\t\t\t\t\t<\/h4>\n\t\t\t\t\t\t\t\t\t\t\t<p>Terapia fal\u0105 uderzeniow\u0105 przyczynia si\u0119 do przyspieszenia procesu zdrowienia poprzez pobudzenie cyrkulacji krwi oraz stymulacj\u0119 metabolizmu. Wp\u0142ywa na rozpuszczenie zwapnia\u0142ych&hellip;<\/p>\n\t\t\t\t\t\t\t\t\t\t\t\t\t\t\t\t<a href=\"https:\/\/marcinsowula.pl\/?page_id=6395\" class=\"text-link\">Czytaj wi\u0119cej<\/a>\n\t\t\t\t\t\t\t\t\t<\/div>\n\t\t\t<\/div>\n\n\t\t\t<\/div><\/div><div id=\"pgc-110-2-1\"  class=\"panel-grid-cell\" ><div id=\"panel-110-2-1-0\" class=\"so-panel widget widget_qt_feature_page widget-featured-page panel-first-child panel-last-child\" data-index=\"5\" >\n\t\t\t<div class=\"featured-page\">\n\t\t\t\t\t\t\t\t\t<div class=\"featured-page--image\">\n\t\t\t\t\t\t<a href=\"https:\/\/marcinsowula.pl\/?page_id=6263\">\n\t\t\t\t\t\t\t<img loading=\"lazy\" decoding=\"async\" width=\"360\" height=\"240\" src=\"https:\/\/marcinsowula.pl\/wp-content\/uploads\/2022\/04\/services_home_suche-iglowanie.jpg\" class=\"attachment-physio-qt-featured-s size-physio-qt-featured-s\" alt=\"services_home_suche iglowanie\" srcset=\"\" sizes=\"auto, (min-width: 781px) 360px, calc(100vw - 30px)\" \/>\t\t\t\t\t\t\t<div class=\"featured-page--overlay\">\n\t\t\t\t\t\t\t\t\t\t\t\t\t\t\t\t\t<div class=\"overlay--center\">\n\t\t\t\t\t\t\t\t\t\t<span>Czytaj wi\u0119cej<\/span>\n\t\t\t\t\t\t\t\t\t<\/div>\n\t\t\t\t\t\t\t\t\t\t\t\t\t\t\t<\/div>\n\t\t\t\t\t\t<\/a>\n\t\t\t\t\t<\/div>\n\t\t\t\t\t\t\t\t<div class=\"featured-page--content\">\n\t\t\t\t\t<h4 class=\"featued-page--title\">\n\t\t\t\t\t\t<a href=\"https:\/\/marcinsowula.pl\/?page_id=6263\">Suche ig\u0142owanie<\/a>\n\t\t\t\t\t<\/h4>\n\t\t\t\t\t\t\t\t\t\t\t<p>Suche ig\u0142owanie, znane r\u00f3wnie\u017c jako sucha terapia ig\u0142owa lub dry needling, polega ona na wprowadzaniu cienkich igie\u0142 do tkanek mi\u0119\u015bniowych i tkanki \u0142\u0105cznej w celu zmniejszenia&hellip;<\/p>\n\t\t\t\t\t\t\t\t\t\t\t\t\t\t\t\t<a href=\"https:\/\/marcinsowula.pl\/?page_id=6263\" class=\"text-link\">Czytaj wi\u0119cej<\/a>\n\t\t\t\t\t\t\t\t\t<\/div>\n\t\t\t<\/div>\n\n\t\t\t<\/div><\/div><div id=\"pgc-110-2-2\"  class=\"panel-grid-cell\" ><div id=\"panel-110-2-2-0\" class=\"so-panel widget widget_qt_feature_page widget-featured-page panel-first-child panel-last-child\" data-index=\"6\" >\n\t\t\t<div class=\"featured-page\">\n\t\t\t\t\t\t\t\t\t<div class=\"featured-page--image\">\n\t\t\t\t\t\t<a href=\"https:\/\/marcinsowula.pl\/?page_id=6397\">\n\t\t\t\t\t\t\t<img loading=\"lazy\" decoding=\"async\" width=\"360\" height=\"240\" src=\"https:\/\/marcinsowula.pl\/wp-content\/uploads\/2022\/04\/services_home_taping.jpg\" class=\"attachment-physio-qt-featured-s size-physio-qt-featured-s\" alt=\"services_home_taping\" srcset=\"\" sizes=\"auto, (min-width: 781px) 360px, calc(100vw - 30px)\" \/>\t\t\t\t\t\t\t<div class=\"featured-page--overlay\">\n\t\t\t\t\t\t\t\t\t\t\t\t\t\t\t\t\t<div class=\"overlay--center\">\n\t\t\t\t\t\t\t\t\t\t<span>Czytaj wi\u0119cej<\/span>\n\t\t\t\t\t\t\t\t\t<\/div>\n\t\t\t\t\t\t\t\t\t\t\t\t\t\t\t<\/div>\n\t\t\t\t\t\t<\/a>\n\t\t\t\t\t<\/div>\n\t\t\t\t\t\t\t\t<div class=\"featured-page--content\">\n\t\t\t\t\t<h4 class=\"featued-page--title\">\n\t\t\t\t\t\t<a href=\"https:\/\/marcinsowula.pl\/?page_id=6397\">Kinesiotaping<\/a>\n\t\t\t\t\t<\/h4>\n\t\t\t\t\t\t\t\t\t\t\t<p>Kinesiotaping, czyli oklejanie wybranych cz\u0119\u015bci cia\u0142a specjalnymi plastrami, ma na celu wspomaganie procesu rehabilitacji, zmniejszenie b\u00f3lu, popraw\u0119 funkcji mi\u0119\u015bniowo-szkieletowej&hellip;<\/p>\n\t\t\t\t\t\t\t\t\t\t\t\t\t\t\t\t<a href=\"https:\/\/marcinsowula.pl\/?page_id=6397\" class=\"text-link\">Czytaj wi\u0119cej<\/a>\n\t\t\t\t\t\t\t\t\t<\/div>\n\t\t\t<\/div>\n\n\t\t\t<\/div><\/div><\/div><\/div>","protected":false},"excerpt":{"rendered":"<p>Posiadam do\u015bwiadczenie w rehabilitacji sportowej, zajmuj\u0119 si\u0119 zar\u00f3wno urazami, jak i motorycznym przygotowaniem do aktywno\u015bci sportowej z uwzgl\u0119dnieniem uprawianej dyscypliny. Zajmuj\u0119 si\u0119 r\u00f3wnie\u017c rehabilitacj\u0105 neurologiczn\u0105 i ortopedyczn\u0105 \u2013 zachowawcz\u0105, jak i pooperacyjn\u0105. Pomagam kobietom w ci\u0105\u017cy cierpi\u0105cym na b\u00f3le kr\u0119gos\u0142upowe i stawowe. W swojej pracy z pacjentami opieram si\u0119 na rzetelnym wywiadzie, precyzyjnym ustaleniu przyczyn [&hellip;]<\/p>\n","protected":false},"author":1,"featured_media":0,"parent":0,"menu_order":0,"comment_status":"closed","ping_status":"closed","template":"","meta":{"footnotes":""},"class_list":["post-110","page","type-page","status-publish","hentry"],"acf":[],"_links":{"self":[{"href":"https:\/\/marcinsowula.pl\/index.php?rest_route=\/wp\/v2\/pages\/110","targetHints":{"allow":["GET"]}}],"collection":[{"href":"https:\/\/marcinsowula.pl\/index.php?rest_route=\/wp\/v2\/pages"}],"about":[{"href":"https:\/\/marcinsowula.pl\/index.php?rest_route=\/wp\/v2\/types\/page"}],"author":[{"embeddable":true,"href":"https:\/\/marcinsowula.pl\/index.php?rest_route=\/wp\/v2\/users\/1"}],"replies":[{"embeddable":true,"href":"https:\/\/marcinsowula.pl\/index.php?rest_route=%2Fwp%2Fv2%2Fcomments&post=110"}],"version-history":[{"count":16,"href":"https:\/\/marcinsowula.pl\/index.php?rest_route=\/wp\/v2\/pages\/110\/revisions"}],"predecessor-version":[{"id":8145,"href":"https:\/\/marcinsowula.pl\/index.php?rest_route=\/wp\/v2\/pages\/110\/revisions\/8145"}],"wp:attachment":[{"href":"https:\/\/marcinsowula.pl\/index.php?rest_route=%2Fwp%2Fv2%2Fmedia&parent=110"}],"curies":[{"name":"wp","href":"https:\/\/api.w.org\/{rel}","templated":true}]}}